{"id":3040,"date":"2024-12-06T12:25:12","date_gmt":"2024-12-06T12:25:12","guid":{"rendered":"https:\/\/distilleriedudruide.fr\/?page_id=3040"},"modified":"2025-02-05T09:11:57","modified_gmt":"2025-02-05T09:11:57","slug":"mentions-legale","status":"publish","type":"page","link":"https:\/\/distilleriedudruide.fr\/index.php\/mentions-legale\/","title":{"rendered":"MENTIONS L\u00c9GALES"},"content":{"rendered":"\t\t<div data-elementor-type=\"wp-page\" data-elementor-id=\"3040\" class=\"elementor elementor-3040\" data-elementor-post-type=\"page\">\n\t\t\t\t<div class=\"elementor-element elementor-element-f84bcc2 e-flex e-con-boxed e-con e-parent\" data-id=\"f84bcc2\" data-element_type=\"container\" data-e-type=\"container\">\n\t\t\t\t\t<div class=\"e-con-inner\">\n\t\t\t\t<div class=\"elementor-element elementor-element-096c545 elementor-widget elementor-widget-heading\" data-id=\"096c545\" data-element_type=\"widget\" data-e-type=\"widget\" data-widget_type=\"heading.default\">\n\t\t\t\t<div class=\"elementor-widget-container\">\n\t\t\t\t\t<h2 class=\"elementor-heading-title elementor-size-default\">Mentions l\u00e9gales<\/h2>\t\t\t\t<\/div>\n\t\t\t\t<\/div>\n\t\t\t\t<div class=\"elementor-element elementor-element-e2065ea elementor-widget-divider--separator-type-pattern elementor-widget-divider--no-spacing elementor-widget-divider--view-line elementor-widget elementor-widget-divider\" data-id=\"e2065ea\" data-element_type=\"widget\" data-e-type=\"widget\" data-widget_type=\"divider.default\">\n\t\t\t\t<div class=\"elementor-widget-container\">\n\t\t\t\t\t\t\t<div class=\"elementor-divider\" style=\"--divider-pattern-url: url(&quot;data:image\/svg+xml,%3Csvg xmlns=&#039;http:\/\/www.w3.org\/2000\/svg&#039; preserveAspectRatio=&#039;xMidYMid meet&#039; overflow=&#039;visible&#039; height=&#039;100%&#039; viewBox=&#039;0 0 126 26&#039; fill=&#039;black&#039; stroke=&#039;none&#039;%3E%3Cpath d=&#039;M3,10.2c2.6,0,2.6,2,2.6,3.2S4.4,16.5,3,16.5s-3-1.4-3-3.2S0.4,10.2,3,10.2z M18.8,10.2c1.7,0,3.2,1.4,3.2,3.2s-1.4,3.2-3.2,3.2c-1.7,0-3.2-1.4-3.2-3.2S17,10.2,18.8,10.2z M34.6,10.2c1.5,0,2.6,1.4,2.6,3.2s-0.5,3.2-1.9,3.2c-1.5,0-3.4-1.4-3.4-3.2S33.1,10.2,34.6,10.2z M50.5,10.2c1.7,0,3.2,1.4,3.2,3.2s-1.4,3.2-3.2,3.2c-1.7,0-3.3-0.9-3.3-2.6S48.7,10.2,50.5,10.2z M66.2,10.2c1.5,0,3.4,1.4,3.4,3.2s-1.9,3.2-3.4,3.2c-1.5,0-2.6-0.4-2.6-2.1S64.8,10.2,66.2,10.2z M82.2,10.2c1.7,0.8,2.6,1.4,2.6,3.2s-0.1,3.2-1.6,3.2c-1.5,0-3.7-1.4-3.7-3.2S80.5,9.4,82.2,10.2zM98.6,10.2c1.5,0,2.6,0.4,2.6,2.1s-1.2,4.2-2.6,4.2c-1.5,0-3.7-0.4-3.7-2.1S97.1,10.2,98.6,10.2z M113.4,10.2c1.2,0,2.2,0.9,2.2,3.2s-0.1,3.2-1.3,3.2s-3.1-1.4-3.1-3.2S112.2,10.2,113.4,10.2z&#039;\/%3E%3C\/svg%3E&quot;);\">\n\t\t\t<span class=\"elementor-divider-separator\">\n\t\t\t\t\t\t<\/span>\n\t\t<\/div>\n\t\t\t\t\t\t<\/div>\n\t\t\t\t<\/div>\n\t\t\t\t\t<\/div>\n\t\t\t\t<\/div>\n\t\t<div class=\"elementor-element elementor-element-5125c00 e-flex e-con-boxed e-con e-parent\" data-id=\"5125c00\" data-element_type=\"container\" data-e-type=\"container\">\n\t\t\t\t\t<div class=\"e-con-inner\">\n\t\t\t\t<div class=\"elementor-element elementor-element-615f482 elementor-widget elementor-widget-heading\" data-id=\"615f482\" data-element_type=\"widget\" data-e-type=\"widget\" data-widget_type=\"heading.default\">\n\t\t\t\t<div class=\"elementor-widget-container\">\n\t\t\t\t\t<h2 class=\"elementor-heading-title elementor-size-default\">\u00e9diteur du site<\/h2>\t\t\t\t<\/div>\n\t\t\t\t<\/div>\n\t\t\t\t<div class=\"elementor-element elementor-element-32fa340 elementor-widget elementor-widget-text-editor\" data-id=\"32fa340\" data-element_type=\"widget\" data-e-type=\"widget\" data-widget_type=\"text-editor.default\">\n\t\t\t\t<div class=\"elementor-widget-container\">\n\t\t\t\t\t\t\t\t\t<p><span style=\"font-weight: 400;\">Le pr\u00e9sent site, accessible \u00e0 l\u2019URL <\/span><a href=\"http:\/\/www.distilleriedudruide.fr\"><span style=\"font-weight: 400;\">www.distilleriedudruide.fr<\/span><\/a><span style=\"font-weight: 400;\"> est \u00e9dit\u00e9 par :<\/span><\/p><p><i><span style=\"font-weight: 400;\">\u2013 Raison sociale<\/span><\/i><span style=\"font-weight: 400;\"> : Pure Paradise France<br \/><\/span><i><span style=\"font-weight: 400;\">\u2013 Forme juridique<\/span><\/i><span style=\"font-weight: 400;\"> : SAS \u2013 Soci\u00e9t\u00e9 par actions simplifi\u00e9es<br \/><\/span><i><span style=\"font-weight: 400;\">\u2013 R.C.S.<\/span><\/i><span style=\"font-weight: 400;\"> Briey 934467226<br \/><\/span><i><span style=\"font-weight: 400;\">\u2013 Num\u00e9ro de Siret<\/span><\/i><span style=\"font-weight: 400;\"> : 93446722600015<br \/><\/span><i><span style=\"font-weight: 400;\">\u2013 TVA intracommunautaire<\/span><\/i><span style=\"font-weight: 400;\"> : FR34934467226<br \/><\/span><i><span style=\"font-weight: 400;\">\u2013 Directeur de la publication<\/span><\/i><span style=\"font-weight: 400;\"> : Laurent Cassis<\/span><\/p>\t\t\t\t\t\t\t\t<\/div>\n\t\t\t\t<\/div>\n\t\t\t\t\t<\/div>\n\t\t\t\t<\/div>\n\t\t<div class=\"elementor-element elementor-element-4c2408d e-flex e-con-boxed e-con e-parent\" data-id=\"4c2408d\" data-element_type=\"container\" data-e-type=\"container\">\n\t\t\t\t\t<div class=\"e-con-inner\">\n\t\t\t\t<div class=\"elementor-element elementor-element-df2fd6d elementor-widget elementor-widget-heading\" data-id=\"df2fd6d\" data-element_type=\"widget\" data-e-type=\"widget\" data-widget_type=\"heading.default\">\n\t\t\t\t<div class=\"elementor-widget-container\">\n\t\t\t\t\t<h2 class=\"elementor-heading-title elementor-size-default\">h\u00e9bergeur du site<\/h2>\t\t\t\t<\/div>\n\t\t\t\t<\/div>\n\t\t\t\t<div class=\"elementor-element elementor-element-0b93693 elementor-widget elementor-widget-text-editor\" data-id=\"0b93693\" data-element_type=\"widget\" data-e-type=\"widget\" data-widget_type=\"text-editor.default\">\n\t\t\t\t<div class=\"elementor-widget-container\">\n\t\t\t\t\t\t\t\t\t<p><span style=\"font-weight: 400;\">Le site est h\u00e9berg\u00e9 par HOSTINGER operations, UAB, une soci\u00e9t\u00e9 dont le si\u00e8ge social est situ\u00e9 \u00e0 \u0160vitrigailos str. 34, Vilnius 03230 Lithuania.<\/span><span style=\"font-weight: 400;\"><br \/><\/span><span style=\"font-weight: 400;\">Num\u00e9ro de t\u00e9l\u00e9phone : +37064503378<\/span><span style=\"font-weight: 400;\"><br \/><\/span><span style=\"font-weight: 400;\">Adresse e-mail : domains@hostinger.com<\/span><\/p>\t\t\t\t\t\t\t\t<\/div>\n\t\t\t\t<\/div>\n\t\t\t\t\t<\/div>\n\t\t\t\t<\/div>\n\t\t<div class=\"elementor-element elementor-element-777adec e-flex e-con-boxed e-con e-parent\" data-id=\"777adec\" data-element_type=\"container\" data-e-type=\"container\">\n\t\t\t\t\t<div class=\"e-con-inner\">\n\t\t\t\t<div class=\"elementor-element elementor-element-1882247 elementor-widget elementor-widget-heading\" data-id=\"1882247\" data-element_type=\"widget\" data-e-type=\"widget\" data-widget_type=\"heading.default\">\n\t\t\t\t<div class=\"elementor-widget-container\">\n\t\t\t\t\t<h2 class=\"elementor-heading-title elementor-size-default\">Contact<\/h2>\t\t\t\t<\/div>\n\t\t\t\t<\/div>\n\t\t\t\t<div class=\"elementor-element elementor-element-15c1d2f elementor-widget elementor-widget-text-editor\" data-id=\"15c1d2f\" data-element_type=\"widget\" data-e-type=\"widget\" data-widget_type=\"text-editor.default\">\n\t\t\t\t<div class=\"elementor-widget-container\">\n\t\t\t\t\t\t\t\t\t<p><span style=\"font-weight: 400;\">Pour toute question ou demande de renseignements concernant le site, ou tout signalement de contenus ou d\u2019activit\u00e9s illicites, l\u2019utilisateur peut contacter l\u2019\u00e9diteur \u00e0 l\u2019adresse suivante : <a href=\"mailto:info@distilleriedudruide.fr\">info@distilleriedudruide.fr<\/a> ou effectuer une d\u00e9claration aupr\u00e8s de <\/span><i><span style=\"font-weight: 400;\">Pure Paradise France<\/span><\/i><span style=\"font-weight: 400;\"> aux coordonn\u00e9es pr\u00e9cis\u00e9es dans cette section.<\/span><\/p>\t\t\t\t\t\t\t\t<\/div>\n\t\t\t\t<\/div>\n\t\t\t\t\t<\/div>\n\t\t\t\t<\/div>\n\t\t<div class=\"elementor-element elementor-element-e9dbaad e-flex e-con-boxed e-con e-parent\" data-id=\"e9dbaad\" data-element_type=\"container\" data-e-type=\"container\">\n\t\t\t\t\t<div class=\"e-con-inner\">\n\t\t\t\t<div class=\"elementor-element elementor-element-53564ba elementor-widget-divider--separator-type-pattern elementor-widget-divider--no-spacing elementor-widget-divider--view-line elementor-widget elementor-widget-divider\" data-id=\"53564ba\" data-element_type=\"widget\" data-e-type=\"widget\" data-widget_type=\"divider.default\">\n\t\t\t\t<div class=\"elementor-widget-container\">\n\t\t\t\t\t\t\t<div class=\"elementor-divider\" style=\"--divider-pattern-url: url(&quot;data:image\/svg+xml,%3Csvg xmlns=&#039;http:\/\/www.w3.org\/2000\/svg&#039; preserveAspectRatio=&#039;xMidYMid meet&#039; overflow=&#039;visible&#039; height=&#039;100%&#039; viewBox=&#039;0 0 126 26&#039; fill=&#039;black&#039; stroke=&#039;none&#039;%3E%3Cpath d=&#039;M3,10.2c2.6,0,2.6,2,2.6,3.2S4.4,16.5,3,16.5s-3-1.4-3-3.2S0.4,10.2,3,10.2z M18.8,10.2c1.7,0,3.2,1.4,3.2,3.2s-1.4,3.2-3.2,3.2c-1.7,0-3.2-1.4-3.2-3.2S17,10.2,18.8,10.2z M34.6,10.2c1.5,0,2.6,1.4,2.6,3.2s-0.5,3.2-1.9,3.2c-1.5,0-3.4-1.4-3.4-3.2S33.1,10.2,34.6,10.2z M50.5,10.2c1.7,0,3.2,1.4,3.2,3.2s-1.4,3.2-3.2,3.2c-1.7,0-3.3-0.9-3.3-2.6S48.7,10.2,50.5,10.2z M66.2,10.2c1.5,0,3.4,1.4,3.4,3.2s-1.9,3.2-3.4,3.2c-1.5,0-2.6-0.4-2.6-2.1S64.8,10.2,66.2,10.2z M82.2,10.2c1.7,0.8,2.6,1.4,2.6,3.2s-0.1,3.2-1.6,3.2c-1.5,0-3.7-1.4-3.7-3.2S80.5,9.4,82.2,10.2zM98.6,10.2c1.5,0,2.6,0.4,2.6,2.1s-1.2,4.2-2.6,4.2c-1.5,0-3.7-0.4-3.7-2.1S97.1,10.2,98.6,10.2z M113.4,10.2c1.2,0,2.2,0.9,2.2,3.2s-0.1,3.2-1.3,3.2s-3.1-1.4-3.1-3.2S112.2,10.2,113.4,10.2z&#039;\/%3E%3C\/svg%3E&quot;);\">\n\t\t\t<span class=\"elementor-divider-separator\">\n\t\t\t\t\t\t<\/span>\n\t\t<\/div>\n\t\t\t\t\t\t<\/div>\n\t\t\t\t<\/div>\n\t\t\t\t<div class=\"elementor-element elementor-element-3698614 elementor-widget elementor-widget-text-editor\" data-id=\"3698614\" data-element_type=\"widget\" data-e-type=\"widget\" data-widget_type=\"text-editor.default\">\n\t\t\t\t<div class=\"elementor-widget-container\">\n\t\t\t\t\t\t\t\t\t<p><span style=\"font-weight: 400;\">Retrouvez l\u2019ensemble des informations suppl\u00e9mentaires dans les <\/span><a href=\"https:\/\/distilleriedudruide.fr\/index.php\/conditions-de-ventes\/\"><i><span style=\"font-weight: 400;\">conditions g\u00e9n\u00e9rales de ventes<\/span><\/i><\/a><span style=\"font-weight: 400;\"> et la <\/span><a href=\"https:\/\/distilleriedudruide.fr\/index.php\/politique-de-protections-des-donnees-cookies\/\"><i><span style=\"font-weight: 400;\">politique de protection des donn\u00e9es<\/span><\/i><\/a>.<\/p>\t\t\t\t\t\t\t\t<\/div>\n\t\t\t\t<\/div>\n\t\t\t\t\t<\/div>\n\t\t\t\t<\/div>\n\t\t\t\t<\/div>\n\t\t","protected":false},"excerpt":{"rendered":"<p>Mentions l\u00e9gales \u00e9diteur du site Le pr\u00e9sent site, accessible \u00e0 l\u2019URL www.distilleriedudruide.fr est \u00e9dit\u00e9 par : \u2013 Raison sociale : Pure Paradise France\u2013 Forme juridique : SAS \u2013 Soci\u00e9t\u00e9 par actions simplifi\u00e9es\u2013 R.C.S. Briey 934467226\u2013 Num\u00e9ro de Siret : 93446722600015\u2013 TVA intracommunautaire : FR34934467226\u2013 Directeur de la publication : Laurent Cassis h\u00e9bergeur du site Le [&hellip;]<\/p>\n","protected":false},"author":1,"featured_media":0,"parent":0,"menu_order":0,"comment_status":"closed","ping_status":"closed","template":"","meta":{"ocean_post_layout":"","ocean_both_sidebars_style":"","ocean_both_sidebars_content_width":0,"ocean_both_sidebars_sidebars_width":0,"ocean_sidebar":"","ocean_second_sidebar":"","ocean_disable_margins":"enable","ocean_add_body_class":"","ocean_shortcode_before_top_bar":"","ocean_shortcode_after_top_bar":"","ocean_shortcode_before_header":"","ocean_shortcode_after_header":"","ocean_has_shortcode":"","ocean_shortcode_after_title":"","ocean_shortcode_before_footer_widgets":"","ocean_shortcode_after_footer_widgets":"","ocean_shortcode_before_footer_bottom":"","ocean_shortcode_after_footer_bottom":"","ocean_display_top_bar":"default","ocean_display_header":"default","ocean_header_style":"","ocean_center_header_left_menu":"","ocean_custom_header_template":"","ocean_custom_logo":0,"ocean_custom_retina_logo":0,"ocean_custom_logo_max_width":0,"ocean_custom_logo_tablet_max_width":0,"ocean_custom_logo_mobile_max_width":0,"ocean_custom_logo_max_height":0,"ocean_custom_logo_tablet_max_height":0,"ocean_custom_logo_mobile_max_height":0,"ocean_header_custom_menu":"","ocean_menu_typo_font_family":"","ocean_menu_typo_font_subset":"","ocean_menu_typo_font_size":0,"ocean_menu_typo_font_size_tablet":0,"ocean_menu_typo_font_size_mobile":0,"ocean_menu_typo_font_size_unit":"px","ocean_menu_typo_font_weight":"","ocean_menu_typo_font_weight_tablet":"","ocean_menu_typo_font_weight_mobile":"","ocean_menu_typo_transform":"","ocean_menu_typo_transform_tablet":"","ocean_menu_typo_transform_mobile":"","ocean_menu_typo_line_height":0,"ocean_menu_typo_line_height_tablet":0,"ocean_menu_typo_line_height_mobile":0,"ocean_menu_typo_line_height_unit":"","ocean_menu_typo_spacing":0,"ocean_menu_typo_spacing_tablet":0,"ocean_menu_typo_spacing_mobile":0,"ocean_menu_typo_spacing_unit":"","ocean_menu_link_color":"","ocean_menu_link_color_hover":"","ocean_menu_link_color_active":"","ocean_menu_link_background":"","ocean_menu_link_hover_background":"","ocean_menu_link_active_background":"","ocean_menu_social_links_bg":"","ocean_menu_social_hover_links_bg":"","ocean_menu_social_links_color":"","ocean_menu_social_hover_links_color":"","ocean_disable_title":"default","ocean_disable_heading":"default","ocean_post_title":"","ocean_post_subheading":"","ocean_post_title_style":"","ocean_post_title_background_color":"","ocean_post_title_background":0,"ocean_post_title_bg_image_position":"","ocean_post_title_bg_image_attachment":"","ocean_post_title_bg_image_repeat":"","ocean_post_title_bg_image_size":"","ocean_post_title_height":0,"ocean_post_title_bg_overlay":0.5,"ocean_post_title_bg_overlay_color":"","ocean_disable_breadcrumbs":"default","ocean_breadcrumbs_color":"","ocean_breadcrumbs_separator_color":"","ocean_breadcrumbs_links_color":"","ocean_breadcrumbs_links_hover_color":"","ocean_display_footer_widgets":"default","ocean_display_footer_bottom":"default","ocean_custom_footer_template":"","ofc_enable_fullscreen":"disable","ofc_fullscreen_speed":0,"ofc_fullscreen_nav":"enable","ofc_fullscreen_nav_pos":"right","ofc_fullscreen_nav_color":"","ofc_fullscreen_nav_tooltip_color":"","ofc_fullscreen_responsive":0,"osp_disable_panel":"default","footnotes":""},"class_list":["post-3040","page","type-page","status-publish","hentry","entry","owp-thumbs-layout-horizontal","owp-btn-normal","owp-tabs-layout-section","has-no-thumbnails","has-product-nav"],"yoast_head":"<!-- This site is optimized with the Yoast SEO plugin v24.3 - https:\/\/yoast.com\/wordpress\/plugins\/seo\/ -->\n<title>MENTIONS L\u00c9GALES - Distillerie du Druide<\/title>\n<meta name=\"robots\" content=\"index, follow, max-snippet:-1, max-image-preview:large, max-video-preview:-1\" \/>\n<link rel=\"canonical\" href=\"https:\/\/distilleriedudruide.fr\/index.php\/mentions-legale\/\" \/>\n<meta property=\"og:locale\" content=\"fr_FR\" \/>\n<meta property=\"og:type\" content=\"article\" \/>\n<meta property=\"og:title\" content=\"MENTIONS L\u00c9GALES - Distillerie du Druide\" \/>\n<meta property=\"og:description\" content=\"Mentions l\u00e9gales \u00e9diteur du site Le pr\u00e9sent site, accessible \u00e0 l\u2019URL www.distilleriedudruide.fr est \u00e9dit\u00e9 par : \u2013 Raison sociale : Pure Paradise France\u2013 Forme juridique : SAS \u2013 Soci\u00e9t\u00e9 par actions simplifi\u00e9es\u2013 R.C.S. Briey 934467226\u2013 Num\u00e9ro de Siret : 93446722600015\u2013 TVA intracommunautaire : FR34934467226\u2013 Directeur de la publication : Laurent Cassis h\u00e9bergeur du site Le [&hellip;]\" \/>\n<meta property=\"og:url\" content=\"https:\/\/distilleriedudruide.fr\/index.php\/mentions-legale\/\" \/>\n<meta property=\"og:site_name\" content=\"Distillerie du Druide\" \/>\n<meta property=\"article:modified_time\" content=\"2025-02-05T09:11:57+00:00\" \/>\n<meta name=\"twitter:card\" content=\"summary_large_image\" \/>\n<meta name=\"twitter:label1\" content=\"Dur\u00e9e de lecture estim\u00e9e\" \/>\n\t<meta name=\"twitter:data1\" content=\"1 minute\" \/>\n<script type=\"application\/ld+json\" class=\"yoast-schema-graph\">{\"@context\":\"https:\/\/schema.org\",\"@graph\":[{\"@type\":\"WebPage\",\"@id\":\"https:\/\/distilleriedudruide.fr\/index.php\/mentions-legale\/\",\"url\":\"https:\/\/distilleriedudruide.fr\/index.php\/mentions-legale\/\",\"name\":\"MENTIONS L\u00c9GALES - Distillerie du Druide\",\"isPartOf\":{\"@id\":\"https:\/\/distilleriedudruide.fr\/#website\"},\"datePublished\":\"2024-12-06T12:25:12+00:00\",\"dateModified\":\"2025-02-05T09:11:57+00:00\",\"breadcrumb\":{\"@id\":\"https:\/\/distilleriedudruide.fr\/index.php\/mentions-legale\/#breadcrumb\"},\"inLanguage\":\"fr-FR\",\"potentialAction\":[{\"@type\":\"ReadAction\",\"target\":[\"https:\/\/distilleriedudruide.fr\/index.php\/mentions-legale\/\"]}]},{\"@type\":\"BreadcrumbList\",\"@id\":\"https:\/\/distilleriedudruide.fr\/index.php\/mentions-legale\/#breadcrumb\",\"itemListElement\":[{\"@type\":\"ListItem\",\"position\":1,\"name\":\"Accueil\",\"item\":\"https:\/\/distilleriedudruide.fr\/\"},{\"@type\":\"ListItem\",\"position\":2,\"name\":\"MENTIONS L\u00c9GALES\"}]},{\"@type\":\"WebSite\",\"@id\":\"https:\/\/distilleriedudruide.fr\/#website\",\"url\":\"https:\/\/distilleriedudruide.fr\/\",\"name\":\"Pureparadise\",\"description\":\"L&#039;\u00e9choppe d&#039;un druide imagin\u00e9e pour que vous d\u00e9gustiez mieux tout en buvant moins\",\"publisher\":{\"@id\":\"https:\/\/distilleriedudruide.fr\/#organization\"},\"potentialAction\":[{\"@type\":\"SearchAction\",\"target\":{\"@type\":\"EntryPoint\",\"urlTemplate\":\"https:\/\/distilleriedudruide.fr\/?s={search_term_string}\"},\"query-input\":{\"@type\":\"PropertyValueSpecification\",\"valueRequired\":true,\"valueName\":\"search_term_string\"}}],\"inLanguage\":\"fr-FR\"},{\"@type\":\"Organization\",\"@id\":\"https:\/\/distilleriedudruide.fr\/#organization\",\"name\":\"Pureparadise\",\"url\":\"https:\/\/distilleriedudruide.fr\/\",\"logo\":{\"@type\":\"ImageObject\",\"inLanguage\":\"fr-FR\",\"@id\":\"https:\/\/distilleriedudruide.fr\/#\/schema\/logo\/image\/\",\"url\":\"https:\/\/distilleriedudruide.fr\/wp-content\/uploads\/2024\/01\/Unbenannt-2_Zeichenflache-1.png\",\"contentUrl\":\"https:\/\/distilleriedudruide.fr\/wp-content\/uploads\/2024\/01\/Unbenannt-2_Zeichenflache-1.png\",\"width\":2084,\"height\":2084,\"caption\":\"Pureparadise\"},\"image\":{\"@id\":\"https:\/\/distilleriedudruide.fr\/#\/schema\/logo\/image\/\"},\"sameAs\":[\"https:\/\/www.instagram.com\/pure_paradise_official\/\"]}]}<\/script>\n<!-- \/ Yoast SEO plugin. -->","yoast_head_json":{"title":"MENTIONS L\u00c9GALES - Distillerie du Druide","robots":{"index":"index","follow":"follow","max-snippet":"max-snippet:-1","max-image-preview":"max-image-preview:large","max-video-preview":"max-video-preview:-1"},"canonical":"https:\/\/distilleriedudruide.fr\/index.php\/mentions-legale\/","og_locale":"fr_FR","og_type":"article","og_title":"MENTIONS L\u00c9GALES - Distillerie du Druide","og_description":"Mentions l\u00e9gales \u00e9diteur du site Le pr\u00e9sent site, accessible \u00e0 l\u2019URL www.distilleriedudruide.fr est \u00e9dit\u00e9 par : \u2013 Raison sociale : Pure Paradise France\u2013 Forme juridique : SAS \u2013 Soci\u00e9t\u00e9 par actions simplifi\u00e9es\u2013 R.C.S. Briey 934467226\u2013 Num\u00e9ro de Siret : 93446722600015\u2013 TVA intracommunautaire : FR34934467226\u2013 Directeur de la publication : Laurent Cassis h\u00e9bergeur du site Le [&hellip;]","og_url":"https:\/\/distilleriedudruide.fr\/index.php\/mentions-legale\/","og_site_name":"Distillerie du Druide","article_modified_time":"2025-02-05T09:11:57+00:00","twitter_card":"summary_large_image","twitter_misc":{"Dur\u00e9e de lecture estim\u00e9e":"1 minute"},"schema":{"@context":"https:\/\/schema.org","@graph":[{"@type":"WebPage","@id":"https:\/\/distilleriedudruide.fr\/index.php\/mentions-legale\/","url":"https:\/\/distilleriedudruide.fr\/index.php\/mentions-legale\/","name":"MENTIONS L\u00c9GALES - Distillerie du Druide","isPartOf":{"@id":"https:\/\/distilleriedudruide.fr\/#website"},"datePublished":"2024-12-06T12:25:12+00:00","dateModified":"2025-02-05T09:11:57+00:00","breadcrumb":{"@id":"https:\/\/distilleriedudruide.fr\/index.php\/mentions-legale\/#breadcrumb"},"inLanguage":"fr-FR","potentialAction":[{"@type":"ReadAction","target":["https:\/\/distilleriedudruide.fr\/index.php\/mentions-legale\/"]}]},{"@type":"BreadcrumbList","@id":"https:\/\/distilleriedudruide.fr\/index.php\/mentions-legale\/#breadcrumb","itemListElement":[{"@type":"ListItem","position":1,"name":"Accueil","item":"https:\/\/distilleriedudruide.fr\/"},{"@type":"ListItem","position":2,"name":"MENTIONS L\u00c9GALES"}]},{"@type":"WebSite","@id":"https:\/\/distilleriedudruide.fr\/#website","url":"https:\/\/distilleriedudruide.fr\/","name":"Pureparadise","description":"L&#039;\u00e9choppe d&#039;un druide imagin\u00e9e pour que vous d\u00e9gustiez mieux tout en buvant moins","publisher":{"@id":"https:\/\/distilleriedudruide.fr\/#organization"},"potentialAction":[{"@type":"SearchAction","target":{"@type":"EntryPoint","urlTemplate":"https:\/\/distilleriedudruide.fr\/?s={search_term_string}"},"query-input":{"@type":"PropertyValueSpecification","valueRequired":true,"valueName":"search_term_string"}}],"inLanguage":"fr-FR"},{"@type":"Organization","@id":"https:\/\/distilleriedudruide.fr\/#organization","name":"Pureparadise","url":"https:\/\/distilleriedudruide.fr\/","logo":{"@type":"ImageObject","inLanguage":"fr-FR","@id":"https:\/\/distilleriedudruide.fr\/#\/schema\/logo\/image\/","url":"https:\/\/distilleriedudruide.fr\/wp-content\/uploads\/2024\/01\/Unbenannt-2_Zeichenflache-1.png","contentUrl":"https:\/\/distilleriedudruide.fr\/wp-content\/uploads\/2024\/01\/Unbenannt-2_Zeichenflache-1.png","width":2084,"height":2084,"caption":"Pureparadise"},"image":{"@id":"https:\/\/distilleriedudruide.fr\/#\/schema\/logo\/image\/"},"sameAs":["https:\/\/www.instagram.com\/pure_paradise_official\/"]}]}},"jetpack_sharing_enabled":true,"_links":{"self":[{"href":"https:\/\/distilleriedudruide.fr\/index.php\/wp-json\/wp\/v2\/pages\/3040","targetHints":{"allow":["GET"]}}],"collection":[{"href":"https:\/\/distilleriedudruide.fr\/index.php\/wp-json\/wp\/v2\/pages"}],"about":[{"href":"https:\/\/distilleriedudruide.fr\/index.php\/wp-json\/wp\/v2\/types\/page"}],"author":[{"embeddable":true,"href":"https:\/\/distilleriedudruide.fr\/index.php\/wp-json\/wp\/v2\/users\/1"}],"replies":[{"embeddable":true,"href":"https:\/\/distilleriedudruide.fr\/index.php\/wp-json\/wp\/v2\/comments?post=3040"}],"version-history":[{"count":8,"href":"https:\/\/distilleriedudruide.fr\/index.php\/wp-json\/wp\/v2\/pages\/3040\/revisions"}],"predecessor-version":[{"id":3815,"href":"https:\/\/distilleriedudruide.fr\/index.php\/wp-json\/wp\/v2\/pages\/3040\/revisions\/3815"}],"wp:attachment":[{"href":"https:\/\/distilleriedudruide.fr\/index.php\/wp-json\/wp\/v2\/media?parent=3040"}],"curies":[{"name":"wp","href":"https:\/\/api.w.org\/{rel}","templated":true}]}}